{"id":230,"date":"2019-04-04T10:01:18","date_gmt":"2019-04-04T08:01:18","guid":{"rendered":"https:\/\/www.miss-amber.at\/de\/?page_id=230"},"modified":"2019-04-07T10:39:24","modified_gmt":"2019-04-07T08:39:24","slug":"materialien","status":"publish","type":"page","link":"https:\/\/www.miss-amber.at\/de\/materialien\/","title":{"rendered":"Materialien"},"content":{"rendered":"<div class=\"fusion-fullwidth fullwidth-box fusion-builder-row-1 nonhundred-percent-fullwidth non-hundred-percent-height-scrolling\" style=\"--awb-border-radius-top-left:0px;--awb-border-radius-top-right:0px;--awb-border-radius-bottom-right:0px;--awb-border-radius-bottom-left:0px;\" ><div class=\"fusion-builder-row fusion-row\"><div class=\"fusion-layout-column fusion_builder_column fusion-builder-column-0 fusion_builder_column_2_3 2_3 fusion-two-third fusion-column-first\" style=\"--awb-bg-size:cover;width:66.666666666667%;width:calc(66.666666666667% - ( ( 4% ) * 0.66666666666667 ) );margin-right: 4%;\"><div class=\"fusion-column-wrapper fusion-column-has-shadow fusion-flex-column-wrapper-legacy\"><div class=\"fusion-text fusion-text-1\"><h1><strong>Erschaffe dein eigenes Unikat\u00a0<\/strong><\/h1>\n<p>Unsere Produkte werden sorgf\u00e4ltig aus hochwertigen robusten Materialien nach traditionellem Handwerk mit gr\u00f6\u00dfter Sorgfalt gefertigt. Mit Beschl\u00e4gen aus Messing, Zink oder Edelstahl in fachm\u00e4nnischer Verarbeitung werden sie zu einem funktionalen und stilvollen Begleiter f\u00fcr ein langes Tierleben.<\/p>\n<p>In unserem Webshop findest du eine gro\u00dfe Vielfalt an fertigen Produkten zum Sofortkauf.<\/p>\n<p>Wenn du dir aber ein ganz besonderes Unikat, dein ganz pers\u00f6nliches Einzelst\u00fcck, w\u00fcnschst, bist du bei uns genau richtig!<\/p>\n<p>Aus einer Vielzahl an unterschiedlichen Tauen und Seilen, Garnen, Leder und Lederimitaten sowie Beschl\u00e4gen und Karabinern kannst du dir selbst die Zutaten f\u00fcr deine ganz besondere Leine, Halsung oder ein Pferdehalfter zusammenstellen.<\/p>\n<p>Wir haben auf diesen Seiten f\u00fcr dich die ganze Welt der Farben in den unterschiedlichen Materialien gelistet, damit du nach Herzenslust st\u00f6bern und deine Auswahl treffen kannst. Klick dich im Men\u00fc oben durch die Galerien &#8211; im Webshop w\u00e4hlst du dann einfach das gew\u00fcnschte Produkt und deine Farb- und Kombinationsw\u00fcnsche aus.<\/p>\n<\/div><div class=\"fusion-clearfix\"><\/div><\/div><\/div><div class=\"fusion-layout-column fusion_builder_column fusion-builder-column-1 fusion_builder_column_1_3 1_3 fusion-one-third fusion-column-last\" style=\"--awb-bg-size:cover;width:33.333333333333%;width:calc(33.333333333333% - ( ( 4% ) * 0.33333333333333 ) );\"><div class=\"fusion-column-wrapper fusion-column-has-shadow fusion-flex-column-wrapper-legacy\"><div class=\"fusion-image-element in-legacy-container\"><span class=\" fusion-imageframe imageframe-none imageframe-1 hover-type-none\"><img decoding=\"async\" width=\"300\" height=\"200\" title=\"material\" src=\"https:\/\/www.miss-amber.at\/de\/wp-content\/uploads\/2019\/04\/material.jpg\" data-orig-src=\"https:\/\/www.miss-amber.at\/de\/wp-content\/uploads\/2019\/04\/material-300x200.jpg\" alt class=\"lazyload img-responsive wp-image-239\" srcset=\"data:image\/svg+xml,%3Csvg%20xmlns%3D%27http%3A%2F%2Fwww.w3.org%2F2000%2Fsvg%27%20width%3D%271000%27%20height%3D%27667%27%20viewBox%3D%270%200%201000%20667%27%3E%3Crect%20width%3D%271000%27%20height%3D%27667%27%20fill-opacity%3D%220%22%2F%3E%3C%2Fsvg%3E\" data-srcset=\"https:\/\/www.miss-amber.at\/de\/wp-content\/uploads\/2019\/04\/material-200x133.jpg 200w, https:\/\/www.miss-amber.at\/de\/wp-content\/uploads\/2019\/04\/material-400x267.jpg 400w, https:\/\/www.miss-amber.at\/de\/wp-content\/uploads\/2019\/04\/material-600x400.jpg 600w, https:\/\/www.miss-amber.at\/de\/wp-content\/uploads\/2019\/04\/material-800x534.jpg 800w, https:\/\/www.miss-amber.at\/de\/wp-content\/uploads\/2019\/04\/material.jpg 1000w\" data-sizes=\"auto\" data-orig-sizes=\"(max-width: 1024px) 100vw, 400px\" \/><\/span><\/div><div class=\"fusion-sep-clear\"><\/div><div class=\"fusion-separator fusion-full-width-sep\" style=\"margin-left: auto;margin-right: auto;margin-top:15px;margin-bottom:15px;width:100%;\"><\/div><div class=\"fusion-sep-clear\"><\/div><div class=\"fusion-text fusion-text-2\"><h2 style=\"text-align: center;\"><strong>Tipp:<\/strong><\/h2>\n<p style=\"text-align: center;\">Reichlich Inspirationen findest du bei unseren Fertigprodukten im Shop und auf unserer Facebook-Seite!<\/p>\n<\/div><div class=\"fusion-sep-clear\"><\/div><div class=\"fusion-separator fusion-full-width-sep\" style=\"margin-left: auto;margin-right: auto;margin-top:15px;margin-bottom:15px;width:100%;\"><\/div><div class=\"fusion-sep-clear\"><\/div><div class=\"fusion-text fusion-text-3\"><p><strong>Noch Fragen? Wir sind immer gerne f\u00fcr dich da!<\/strong><br \/>\nKontaktiere uns \u00fcber <a href=\"https:\/\/www.facebook.com\/missamberstyler\/\" target=\"_blank\" rel=\"noopener noreferrer\">facebook<\/a>, <a href=\"mailto:info@miss-amber.com\">E-Mail<\/a> oder ruf uns einfach an!<\/p>\n<\/div><div class=\"fusion-clearfix\"><\/div><\/div><\/div><\/div><\/div>\n","protected":false},"excerpt":{"rendered":"","protected":false},"author":1,"featured_media":0,"parent":0,"menu_order":0,"comment_status":"closed","ping_status":"closed","template":"","meta":[],"_links":{"self":[{"href":"https:\/\/www.miss-amber.at\/de\/wp-json\/wp\/v2\/pages\/230"}],"collection":[{"href":"https:\/\/www.miss-amber.at\/de\/wp-json\/wp\/v2\/pages"}],"about":[{"href":"https:\/\/www.miss-amber.at\/de\/wp-json\/wp\/v2\/types\/page"}],"author":[{"embeddable":true,"href":"https:\/\/www.miss-amber.at\/de\/wp-json\/wp\/v2\/users\/1"}],"replies":[{"embeddable":true,"href":"https:\/\/www.miss-amber.at\/de\/wp-json\/wp\/v2\/comments?post=230"}],"version-history":[{"count":7,"href":"https:\/\/www.miss-amber.at\/de\/wp-json\/wp\/v2\/pages\/230\/revisions"}],"predecessor-version":[{"id":240,"href":"https:\/\/www.miss-amber.at\/de\/wp-json\/wp\/v2\/pages\/230\/revisions\/240"}],"wp:attachment":[{"href":"https:\/\/www.miss-amber.at\/de\/wp-json\/wp\/v2\/media?parent=230"}],"curies":[{"name":"wp","href":"https:\/\/api.w.org\/{rel}","templated":true}]}}