{"id":1186,"date":"2019-04-15T21:20:50","date_gmt":"2019-04-15T19:20:50","guid":{"rendered":"https:\/\/www.miss-amber.at\/de\/?post_type=product&#038;p=1186"},"modified":"2024-02-04T17:55:43","modified_gmt":"2024-02-04T16:55:43","slug":"ginger-200","status":"publish","type":"product","link":"https:\/\/www.miss-amber.at\/de\/produkt\/ginger-200\/","title":{"rendered":"Ginger 200"},"content":{"rendered":"<p>Mit dieser verstellbaren F\u00fchrleine bist du f\u00fcr alles gewappnet, denn du kannst die L\u00e4nge der Leine selbst anpassen. Egal ob Spazierg\u00e4nge im Wald, am Strand oder in der Stadt. Ob kurz oder lang, sogar ein Umh\u00e4ngen der Leine ist problemlos m\u00f6glich &#8211; sie ist stets f\u00fcr dich da!<\/p>\n<p>Die Karabiner wurden mit gr\u00f6\u00dfter Sorgfalt im Premiumseil verarbeitet. Die Ringe sind mittels verstellbarer Knoten mit nur wenigen Handgriffen ganz unkompliziert auf die gew\u00fcnschte Stelle verschiebbar.<\/p>\n<p>Diese Umh\u00e4ngeleine liegt weich und geschmeidig in der Hand. Im Inneren der Leine sorgt ein robuster Kern aus Polyamid f\u00fcr hohe Stabilit\u00e4t.<\/p>\n<p>Ein passendes Halsband findest du in unserem Shop in der Kategorie Halsungen.<\/p>\n","protected":false},"excerpt":{"rendered":"<p>L\u00e4nge: 200 cm<br \/>\n2-fach verstellbar<br \/>\n10 mm Premiumseil Lugana<br \/>\nTakelung: Dunkelgr\u00fcn\/Neongr\u00fcn\/Gelb<br \/>\nf\u00fcr Hunde bis 30 kg<\/p>\n","protected":false},"featured_media":1175,"comment_status":"closed","ping_status":"closed","template":"","meta":[],"product_cat":[39],"product_tag":[],"_links":{"self":[{"href":"https:\/\/www.miss-amber.at\/de\/wp-json\/wp\/v2\/product\/1186"}],"collection":[{"href":"https:\/\/www.miss-amber.at\/de\/wp-json\/wp\/v2\/product"}],"about":[{"href":"https:\/\/www.miss-amber.at\/de\/wp-json\/wp\/v2\/types\/product"}],"replies":[{"embeddable":true,"href":"https:\/\/www.miss-amber.at\/de\/wp-json\/wp\/v2\/comments?post=1186"}],"wp:featuredmedia":[{"embeddable":true,"href":"https:\/\/www.miss-amber.at\/de\/wp-json\/wp\/v2\/media\/1175"}],"wp:attachment":[{"href":"https:\/\/www.miss-amber.at\/de\/wp-json\/wp\/v2\/media?parent=1186"}],"wp:term":[{"taxonomy":"product_cat","embeddable":true,"href":"https:\/\/www.miss-amber.at\/de\/wp-json\/wp\/v2\/product_cat?post=1186"},{"taxonomy":"product_tag","embeddable":true,"href":"https:\/\/www.miss-amber.at\/de\/wp-json\/wp\/v2\/product_tag?post=1186"}],"curies":[{"name":"wp","href":"https:\/\/api.w.org\/{rel}","templated":true}]}}