{"id":1287,"date":"2019-04-16T13:27:06","date_gmt":"2019-04-16T11:27:06","guid":{"rendered":"https:\/\/www.miss-amber.at\/de\/?post_type=product&#038;p=1287"},"modified":"2024-02-04T17:52:57","modified_gmt":"2024-02-04T16:52:57","slug":"ambra","status":"publish","type":"product","link":"https:\/\/www.miss-amber.at\/de\/produkt\/ambra\/","title":{"rendered":"Ambra"},"content":{"rendered":"<p>Diese sch\u00f6ne Retrieverleine eignet sich besonders gut f\u00fcr alle Abenteuer und bietet gerade auch f\u00fcr den Aufenthalt im Freien unschlagbare Vorteile.<\/p>\n<p>Das Halsband ist bereits integriert und l\u00e4sst sich leicht und schnell abnehmen oder anlegen. Die Weite der Halsung kann mit einem stufenlos verstellbaren Stoppring individuell eingestellt werden.<\/p>\n<p>Ideal auch als Geschenk, wenn der Halsumfang des Hundes unbekannt ist.<\/p>\n","protected":false},"excerpt":{"rendered":"<p>L\u00e4nge: 120 cm<br \/>\n10 mm Premiumseil Ello<br \/>\nTakelung Anthrazit\/Kupfer\/Orange\/Grau<br \/>\nHalsband integriert<\/p>\n","protected":false},"featured_media":1288,"comment_status":"closed","ping_status":"closed","template":"","meta":[],"product_cat":[40,78],"product_tag":[],"_links":{"self":[{"href":"https:\/\/www.miss-amber.at\/de\/wp-json\/wp\/v2\/product\/1287"}],"collection":[{"href":"https:\/\/www.miss-amber.at\/de\/wp-json\/wp\/v2\/product"}],"about":[{"href":"https:\/\/www.miss-amber.at\/de\/wp-json\/wp\/v2\/types\/product"}],"replies":[{"embeddable":true,"href":"https:\/\/www.miss-amber.at\/de\/wp-json\/wp\/v2\/comments?post=1287"}],"wp:featuredmedia":[{"embeddable":true,"href":"https:\/\/www.miss-amber.at\/de\/wp-json\/wp\/v2\/media\/1288"}],"wp:attachment":[{"href":"https:\/\/www.miss-amber.at\/de\/wp-json\/wp\/v2\/media?parent=1287"}],"wp:term":[{"taxonomy":"product_cat","embeddable":true,"href":"https:\/\/www.miss-amber.at\/de\/wp-json\/wp\/v2\/product_cat?post=1287"},{"taxonomy":"product_tag","embeddable":true,"href":"https:\/\/www.miss-amber.at\/de\/wp-json\/wp\/v2\/product_tag?post=1287"}],"curies":[{"name":"wp","href":"https:\/\/api.w.org\/{rel}","templated":true}]}}