{"id":2141,"date":"2020-04-24T15:09:04","date_gmt":"2020-04-24T13:09:04","guid":{"rendered":"https:\/\/www.miss-amber.at\/de\/?post_type=product&#038;p=2141"},"modified":"2024-02-04T17:50:39","modified_gmt":"2024-02-04T16:50:39","slug":"gold-rainman","status":"publish","type":"product","link":"https:\/\/www.miss-amber.at\/de\/produkt\/gold-rainman\/","title":{"rendered":"Goldi Rainman"},"content":{"rendered":"<p>3-laginge waschbare Mundmaske mit Nasendraht made in Nieder\u00f6sterreich!<\/p>\n<p>2 Lagen 100% Baumwollgewebe gepaart mit einer Lage speziellem Vlies.<br \/>\nWahlweise mit weichen, d\u00fcnnen und elastischen Gummischlaufen.<\/p>\n<p>Unsere Gummischlaufen sind nicht fix vern\u00e4ht. Somit k\u00f6nnen sie ganz schnell auf die individuelle L\u00e4nge m\u00fchelos eingestellt werden &#8211; einfach an der f\u00fcr Sie richtigen Stelle einen Knoten binden.<\/p>\n<p>Trotz Vlieseinlage ist das Ein- und Ausatmen ohne gr\u00f6\u00dferen Atemwiderstand m\u00f6glich!<\/p>\n<p><em>Abmessungen:\u00a0<\/em>Einheitsgr\u00f6\u00dfe: \u00a0ca. 20 cm x 10 cm (erweitert sich auf ca. 18 cm H\u00f6he)<br \/>\n<em>Material:<\/em> 100% Baumwolle, Spezielles Vlies, waschbar bei 60\u00b0C (wir empfehlen bis zu 40\u00b0C), nicht hei\u00df b\u00fcgeln<\/p>\n<p>Da es sich um einen individuell angefertigten Hygieneartikel handelt, ist eine R\u00fcckgabe leider nicht m\u00f6glich!<\/p>\n<p><em>Wichtiger Hinweis: Unsere Masken sch\u00fctzen dich zwar NICHT vor einer Ansteckung mit COVID-19 \u2013 sie dienen jedoch als Spuckschutz und verringern damit die Ansteckungsgefahr unserer Mitmenschen erheblich wie vom Bundesministerium empfohlen.<br \/>\nWir weisen ausdr\u00fccklich darauf hin, dass es sich nicht um ein medizinisches Produkt nach der Medizinproduktrichtlinie (93|42|EWG) handelt. Die Masken sind f\u00fcr den Privaten gebrauch gedacht!<\/em><\/p>\n","protected":false},"excerpt":{"rendered":"<p>100 % Baumwolle, 3-lagig<br \/>\nNasendraht eingearbeitet<br \/>\nSpezielles Vlies eingearbeitet<br \/>\nwaschbar bei 60 Grad,<br \/>\nkein gepr\u00fcftes Medizinprodukt<\/p>\n","protected":false},"featured_media":2145,"comment_status":"closed","ping_status":"closed","template":"","meta":[],"product_cat":[72],"product_tag":[],"_links":{"self":[{"href":"https:\/\/www.miss-amber.at\/de\/wp-json\/wp\/v2\/product\/2141"}],"collection":[{"href":"https:\/\/www.miss-amber.at\/de\/wp-json\/wp\/v2\/product"}],"about":[{"href":"https:\/\/www.miss-amber.at\/de\/wp-json\/wp\/v2\/types\/product"}],"replies":[{"embeddable":true,"href":"https:\/\/www.miss-amber.at\/de\/wp-json\/wp\/v2\/comments?post=2141"}],"wp:featuredmedia":[{"embeddable":true,"href":"https:\/\/www.miss-amber.at\/de\/wp-json\/wp\/v2\/media\/2145"}],"wp:attachment":[{"href":"https:\/\/www.miss-amber.at\/de\/wp-json\/wp\/v2\/media?parent=2141"}],"wp:term":[{"taxonomy":"product_cat","embeddable":true,"href":"https:\/\/www.miss-amber.at\/de\/wp-json\/wp\/v2\/product_cat?post=2141"},{"taxonomy":"product_tag","embeddable":true,"href":"https:\/\/www.miss-amber.at\/de\/wp-json\/wp\/v2\/product_tag?post=2141"}],"curies":[{"name":"wp","href":"https:\/\/api.w.org\/{rel}","templated":true}]}}