{"id":241,"date":"2019-04-04T11:25:02","date_gmt":"2019-04-04T09:25:02","guid":{"rendered":"https:\/\/www.miss-amber.at\/de\/?post_type=product&#038;p=241"},"modified":"2024-02-04T17:58:55","modified_gmt":"2024-02-04T16:58:55","slug":"rope-meets-leather","status":"publish","type":"product","link":"https:\/\/www.miss-amber.at\/de\/produkt\/rope-meets-leather\/","title":{"rendered":"Rope meets leather"},"content":{"rendered":"<p>Diese sch\u00f6ne Retrieverleine eignet sich besonders gut f\u00fcr alle Abenteuer und bietet gerade auch f\u00fcr den Aufenthalt im Freien unschlagbare Vorteile.<\/p>\n<p>Das Halsband ist bereits integriert und l\u00e4sst sich leicht und schnell abnehmen oder anlegen. Die Weite der Halsung kann mit einem stufenlos verstellbaren Knoten individuell eingestellt werden. Ein zus\u00e4tzlicher Stopper aus farblich abgestimmten Leder verhindert, dass die Halsung zu weit wird und sie dein Hund abstreifen kann.<\/p>\n<p>Ideal auch als Geschenk, wenn der Halsumfang des Hundes unbekannt ist.<\/p>\n<p>&nbsp;<\/p>\n","protected":false},"excerpt":{"rendered":"<p>L\u00e4nge: 150 cm<br \/>\n11 mm Premiumseil Forest<br \/>\nFettleder Dunkelgr\u00fcn<br \/>\nTakelung Rot\/Gr\u00fcn\/Braun\/Beige<br \/>\nHalsband integriert<\/p>\n<p>&nbsp;<\/p>\n","protected":false},"featured_media":242,"comment_status":"closed","ping_status":"closed","template":"","meta":[],"product_cat":[40],"product_tag":[],"_links":{"self":[{"href":"https:\/\/www.miss-amber.at\/de\/wp-json\/wp\/v2\/product\/241"}],"collection":[{"href":"https:\/\/www.miss-amber.at\/de\/wp-json\/wp\/v2\/product"}],"about":[{"href":"https:\/\/www.miss-amber.at\/de\/wp-json\/wp\/v2\/types\/product"}],"replies":[{"embeddable":true,"href":"https:\/\/www.miss-amber.at\/de\/wp-json\/wp\/v2\/comments?post=241"}],"wp:featuredmedia":[{"embeddable":true,"href":"https:\/\/www.miss-amber.at\/de\/wp-json\/wp\/v2\/media\/242"}],"wp:attachment":[{"href":"https:\/\/www.miss-amber.at\/de\/wp-json\/wp\/v2\/media?parent=241"}],"wp:term":[{"taxonomy":"product_cat","embeddable":true,"href":"https:\/\/www.miss-amber.at\/de\/wp-json\/wp\/v2\/product_cat?post=241"},{"taxonomy":"product_tag","embeddable":true,"href":"https:\/\/www.miss-amber.at\/de\/wp-json\/wp\/v2\/product_tag?post=241"}],"curies":[{"name":"wp","href":"https:\/\/api.w.org\/{rel}","templated":true}]}}