{"id":3175,"date":"2021-11-21T19:01:21","date_gmt":"2021-11-21T18:01:21","guid":{"rendered":"https:\/\/www.miss-amber.at\/de\/?post_type=product&#038;p=3175"},"modified":"2024-02-04T17:42:29","modified_gmt":"2024-02-04T16:42:29","slug":"loop-schlauchschal-french-bulli","status":"publish","type":"product","link":"https:\/\/www.miss-amber.at\/de\/produkt\/loop-schlauchschal-french-bulli\/","title":{"rendered":"Loop, Schlauchschal | French Bulli"},"content":{"rendered":"<div class=\"kvgmc6g5 cxmmr5t8 oygrvhab hcukyx3x c1et5uql ii04i59q\">\n<div dir=\"auto\">&#8222;Lieblingsschal&#8220; in French Bulldog Look<\/div>\n<\/div>\n<div dir=\"auto\"><\/div>\n<div dir=\"auto\">\n<p>Ein sehr elegantes und stilvolles St\u00fcck! Hier haben wir hochwertige Stoffe zu einem einzigartigen und vielseitigen Loop kombiniert und verarbeitet, welcher in unterschiedlichen Gr\u00f6\u00dfen erh\u00e4ltlich ist. Ob Kind, Mann oder Frau &#8211; f\u00fcr alle etwas dabei!\u00a0Unser gr\u00f6\u00dfter Loop ist auch als\u00a0\u2665 Stillschal \u2665 bestens geeignet. Dieser bietet beim Stillen Schutz und Geborgenheit f\u00fcr dein Baby. So kann es mit dem Stillschal bedeckt und ohne abgelenkt zu werden\u00a0in Ruhe trinken. Mit diesem weichen und kuscheligen Stillschal kann man als Mama problemlos in der \u00d6ffentlichkeit f\u00fcr sich und ihr Baby eine gesch\u00fctzte Umgebung schaffen.<\/p>\n<\/div>\n<div dir=\"auto\" style=\"text-align: center;\">\n<p>\u2665 <em>Ein ideales Geschenk f\u00fcr jede Schwangere oder bereits stolze Mama \u2665<\/em><\/p>\n<p>Alle St\u00fccke werden von uns in Nieder\u00f6sterreich pers\u00f6nlich und ganz individuell f\u00fcr euch in absoluter Kleinstauflage gen\u00e4ht.\u00a0Wir verarbeiten alle Materialien nach der &#8222;<em>Zero Waste Manufacturing&#8220; Technik<\/em>. Bei dieser Methode geht es darum, so effizient wie m\u00f6glich die Materialien zu zu schneiden und verarbeiten, um nur minimalen bis gar keinen Abfall dabei zu erzeugen.<\/p>\n<\/div>\n<p style=\"text-align: center;\"><em>Gut kombinierbar ist dieses Unikat mit unseren Stirnb\u00e4ndern und Hauben.<\/em><br \/>\n<em>Oder als Partnerlook mit eurer Fellnase oder Kind.<\/em><\/p>\n<hr \/>\n<p style=\"padding-left: 40px;\">48 cm x 18 cm, f\u00fcr Kids | Schlupfschal zum schnellen Anziehen<br \/>\n60 cm x 26 cm, \u00a0f\u00fcr Erwachsene | Schlupfschal, zum schnellen Anziehen<br \/>\n140 cm x 30 cm, f\u00fcr Erwachsene |\u00a0zwei Mal um den Hals gewickelt<br \/>\n155 cm x 40 cm,\u00a0f\u00fcr Erwachsene | zwei Mal um den Hals gewickelt, auch als &#8222;<em>Stillschal&#8220;<\/em> geeignet<\/p>\n<div dir=\"auto\" style=\"padding-left: 40px;\"><em><br \/>\nOberteil:<\/em>\u00a0Baumwollmischung (95% CO | 5% Elastan) wei\u00df, French Bulli<\/div>\n<div dir=\"auto\" style=\"padding-left: 40px;\"><em>W\u00e4hlbare Innenseite:<\/em>\u00a0Baumwollmischung (95 % CO | 5% Elastan | 270g\/m2) in diversen Farben zur Auswahl, oder ein hochwertiger Polar Fleece 100% Polyester, mit\u00a0Antipilling-Ausr\u00fcstung, atmungsaktiv, in diversen Farben zur Auswahl.<\/div>\n<div dir=\"auto\"><\/div>\n<hr \/>\n<p style=\"text-align: center;\"><span style=\"color: #808080;\">Waschempfehlung:\u00a0\u00a030\u00b0C Feinw\u00e4sche | nicht trocknen | nicht bleichen |b\u00fcgeln Stufe 2<br \/>\n<\/span><span style=\"color: #808080;\">R\u00fccknahme:\u00a0Dies ist ein individuell angefertigter Artikel, eine R\u00fcckgabe ist leider nicht m\u00f6glich!<\/span><\/p>\n","protected":false},"excerpt":{"rendered":"<p>warm | weich | kuschelig |\u00a0bequem |Unikat<\/p>\n","protected":false},"featured_media":3160,"comment_status":"closed","ping_status":"closed","template":"","meta":[],"product_cat":[139],"product_tag":[],"_links":{"self":[{"href":"https:\/\/www.miss-amber.at\/de\/wp-json\/wp\/v2\/product\/3175"}],"collection":[{"href":"https:\/\/www.miss-amber.at\/de\/wp-json\/wp\/v2\/product"}],"about":[{"href":"https:\/\/www.miss-amber.at\/de\/wp-json\/wp\/v2\/types\/product"}],"replies":[{"embeddable":true,"href":"https:\/\/www.miss-amber.at\/de\/wp-json\/wp\/v2\/comments?post=3175"}],"wp:featuredmedia":[{"embeddable":true,"href":"https:\/\/www.miss-amber.at\/de\/wp-json\/wp\/v2\/media\/3160"}],"wp:attachment":[{"href":"https:\/\/www.miss-amber.at\/de\/wp-json\/wp\/v2\/media?parent=3175"}],"wp:term":[{"taxonomy":"product_cat","embeddable":true,"href":"https:\/\/www.miss-amber.at\/de\/wp-json\/wp\/v2\/product_cat?post=3175"},{"taxonomy":"product_tag","embeddable":true,"href":"https:\/\/www.miss-amber.at\/de\/wp-json\/wp\/v2\/product_tag?post=3175"}],"curies":[{"name":"wp","href":"https:\/\/api.w.org\/{rel}","templated":true}]}}