{"id":3241,"date":"2021-12-05T19:15:34","date_gmt":"2021-12-05T18:15:34","guid":{"rendered":"https:\/\/www.miss-amber.at\/de\/?post_type=product&#038;p=3241"},"modified":"2024-02-04T17:42:28","modified_gmt":"2024-02-04T16:42:28","slug":"pumphose-border-collie-puppy","status":"publish","type":"product","link":"https:\/\/www.miss-amber.at\/de\/produkt\/pumphose-border-collie-puppy\/","title":{"rendered":"Pumphose | Border Collie Puppy"},"content":{"rendered":"<p>Pumphose mit K\u00e4ngurutasche &#8211; Border Collie Puppy<\/p>\n<p>Die lockerer Pumphose mit l\u00e4ssig tief sitzendem Schritt, bietet genug Platz beim Spielen, Toben und Krabbeln. Der breite Hosenbund und die Beinb\u00fcndchen sorgen f\u00fcr eine gro\u00dfe Bewegungsfreiheit ohne dabei zu verrutschen.<\/p>\n<p style=\"text-align: center;\"><span style=\"text-align: center;\">\u2665 <\/span><em style=\"text-align: center;\">Ein ideales Geschenk f\u00fcr junge Eltern\u2665<\/em><\/p>\n<div dir=\"auto\">\n<p>Alle St\u00fccke werden von uns in Nieder\u00f6sterreich pers\u00f6nlich und ganz individuell f\u00fcr euch in absoluter Kleinstauflage gen\u00e4ht.\u00a0Wir verarbeiten alle Materialien nach der \u201e<em>Zero Waste Manufacturing\u201c Technik<\/em>. Bei dieser Methode geht es darum, so effizient wie m\u00f6glich die Materialien zu zu schneiden und verarbeiten, um nur minimalen bis gar keinen Abfall dabei zu erzeugen.<\/p>\n<\/div>\n<p><em>Gut kombinierbar ist dieses Unikat mit unseren Loops, Hauben und vielem mehr.<\/em><br \/>\n<em>Oder als Partnerlook mit \u00a0Papa und|oder Mama.<\/em><\/p>\n<hr \/>\n<p>&nbsp;<\/p>\n<p style=\"text-align: center;\">L\u00e4ssige Pumphose mit tiefem Schnitt und K\u00e4ngurutasche<br \/>\nDurch elastisches Bein- und Bauchb\u00fcndchen w\u00e4chst sie mit &#8211; sitzt gut und zwickt nicht<\/p>\n<p style=\"text-align: center;\">Baumwollmischung (95% CO | 5% Elastan)<\/p>\n<div dir=\"auto\"><\/div>\n<hr \/>\n<p style=\"text-align: center;\"><span style=\"color: #808080;\">Waschempfehlung:\u00a0\u00a030\u00b0C Feinw\u00e4sche | nicht trocknen | nicht bleichen |b\u00fcgeln Stufe 1<br \/>\n<\/span><span style=\"color: #808080;\">R\u00fccknahme:\u00a0Dies ist ein individuell angefertigter Artikel, eine R\u00fcckgabe ist leider nicht m\u00f6glich!<\/span><\/p>\n","protected":false},"excerpt":{"rendered":"<p>Mitwachshose<br \/>\n95% CO | 5% Elastan<br \/>\nlimitierte St\u00fcckzahl<\/p>\n","protected":false},"featured_media":3244,"comment_status":"closed","ping_status":"closed","template":"","meta":[],"product_cat":[138],"product_tag":[],"_links":{"self":[{"href":"https:\/\/www.miss-amber.at\/de\/wp-json\/wp\/v2\/product\/3241"}],"collection":[{"href":"https:\/\/www.miss-amber.at\/de\/wp-json\/wp\/v2\/product"}],"about":[{"href":"https:\/\/www.miss-amber.at\/de\/wp-json\/wp\/v2\/types\/product"}],"replies":[{"embeddable":true,"href":"https:\/\/www.miss-amber.at\/de\/wp-json\/wp\/v2\/comments?post=3241"}],"wp:featuredmedia":[{"embeddable":true,"href":"https:\/\/www.miss-amber.at\/de\/wp-json\/wp\/v2\/media\/3244"}],"wp:attachment":[{"href":"https:\/\/www.miss-amber.at\/de\/wp-json\/wp\/v2\/media?parent=3241"}],"wp:term":[{"taxonomy":"product_cat","embeddable":true,"href":"https:\/\/www.miss-amber.at\/de\/wp-json\/wp\/v2\/product_cat?post=3241"},{"taxonomy":"product_tag","embeddable":true,"href":"https:\/\/www.miss-amber.at\/de\/wp-json\/wp\/v2\/product_tag?post=3241"}],"curies":[{"name":"wp","href":"https:\/\/api.w.org\/{rel}","templated":true}]}}