{"id":3265,"date":"2021-12-05T20:26:24","date_gmt":"2021-12-05T19:26:24","guid":{"rendered":"https:\/\/www.miss-amber.at\/de\/?post_type=product&#038;p=3265"},"modified":"2024-02-04T17:42:28","modified_gmt":"2024-02-04T16:42:28","slug":"hose-balu-border-collie-grau","status":"publish","type":"product","link":"https:\/\/www.miss-amber.at\/de\/produkt\/hose-balu-border-collie-grau\/","title":{"rendered":"Hose Balu | Border Collie Grau"},"content":{"rendered":"<p>Hose &#8222;Balu&#8220; &#8211; Border Collie Grau<\/p>\n<p>Die bequeme Hose &#8222;Bald&#8220; mit l\u00e4ssig tief sitzendem Schritt, bietet genug Platz beim Spielen, Toben und Krabbeln. Der breite Hosenbund und die Beinb\u00fcndchen sorgen f\u00fcr eine gro\u00dfe Bewegungsfreiheit ohne dabei zu verrutschen.<\/p>\n<p style=\"text-align: center;\"><span style=\"text-align: center;\">\u2665 <\/span><em style=\"text-align: center;\">Ein ideales Geschenk \u2665<\/em><\/p>\n<div dir=\"auto\">\n<p>Alle St\u00fccke werden von uns in Nieder\u00f6sterreich pers\u00f6nlich und ganz individuell f\u00fcr euch in absoluter Kleinstauflage gen\u00e4ht.\u00a0Wir verarbeiten alle Materialien nach der \u201e<em>Zero Waste Manufacturing\u201c Technik<\/em>. Bei dieser Methode geht es darum, so effizient wie m\u00f6glich die Materialien zu zu schneiden und verarbeiten, um nur minimalen bis gar keinen Abfall dabei zu erzeugen.<\/p>\n<\/div>\n<p><em>Gut kombinierbar ist dieses Unikat mit unseren Loops, Hauben und vielem mehr.<\/em><br \/>\n<em>Oder als Partnerlook mit \u00a0Papa und|oder Mama.<\/em><\/p>\n<hr \/>\n<p>&nbsp;<\/p>\n<p style=\"text-align: center;\">L\u00e4ssige Hose &#8222;Ball&#8220; mit tiefem Schnitt und traniger Stoffteilung<br \/>\nDurch elastisches Bein- und Bauchb\u00fcndchen w\u00e4chst sie mit &#8211; sitzt gut und zwickt nicht<\/p>\n<p style=\"text-align: center;\">Baumwollmischung (95% CO | 5% Elastan)<\/p>\n<div dir=\"auto\"><\/div>\n<hr \/>\n<p style=\"text-align: center;\"><span style=\"color: #808080;\">Waschempfehlung:\u00a0\u00a030\u00b0C Feinw\u00e4sche | nicht trocknen | nicht bleichen |b\u00fcgeln Stufe 1<br \/>\n<\/span><span style=\"color: #808080;\">R\u00fccknahme:\u00a0Dies ist ein individuell angefertigter Artikel, eine R\u00fcckgabe ist leider nicht m\u00f6glich!<\/span><\/p>\n","protected":false},"excerpt":{"rendered":"<p>Hose &#8222;Balu&#8220;<br \/>\n95% CO | 5% Elastan<br \/>\nlimitierte St\u00fcckzahl<\/p>\n","protected":false},"featured_media":3266,"comment_status":"closed","ping_status":"closed","template":"","meta":[],"product_cat":[138],"product_tag":[],"_links":{"self":[{"href":"https:\/\/www.miss-amber.at\/de\/wp-json\/wp\/v2\/product\/3265"}],"collection":[{"href":"https:\/\/www.miss-amber.at\/de\/wp-json\/wp\/v2\/product"}],"about":[{"href":"https:\/\/www.miss-amber.at\/de\/wp-json\/wp\/v2\/types\/product"}],"replies":[{"embeddable":true,"href":"https:\/\/www.miss-amber.at\/de\/wp-json\/wp\/v2\/comments?post=3265"}],"wp:featuredmedia":[{"embeddable":true,"href":"https:\/\/www.miss-amber.at\/de\/wp-json\/wp\/v2\/media\/3266"}],"wp:attachment":[{"href":"https:\/\/www.miss-amber.at\/de\/wp-json\/wp\/v2\/media?parent=3265"}],"wp:term":[{"taxonomy":"product_cat","embeddable":true,"href":"https:\/\/www.miss-amber.at\/de\/wp-json\/wp\/v2\/product_cat?post=3265"},{"taxonomy":"product_tag","embeddable":true,"href":"https:\/\/www.miss-amber.at\/de\/wp-json\/wp\/v2\/product_tag?post=3265"}],"curies":[{"name":"wp","href":"https:\/\/api.w.org\/{rel}","templated":true}]}}