{"id":3276,"date":"2021-12-05T21:30:48","date_gmt":"2021-12-05T20:30:48","guid":{"rendered":"https:\/\/www.miss-amber.at\/de\/?post_type=product&#038;p=3276"},"modified":"2024-02-04T17:42:28","modified_gmt":"2024-02-04T16:42:28","slug":"wendemuetze-border-collie-grau","status":"publish","type":"product","link":"https:\/\/www.miss-amber.at\/de\/produkt\/wendemuetze-border-collie-grau\/","title":{"rendered":"Wendem\u00fctze | Border Collie Grau"},"content":{"rendered":"<p>Wendem\u00fctze &#8211; Border Collie Grau<\/p>\n<p>Unsere Wendem\u00fctze ist super weich und deckt besonders gut die Ohren ab. Durch unser besonders weiches Baumwolljersey gibt es kein unangenehmes Kratzen oder Scheuern.\u00a0Wie schon der Name sagt, kann diese M\u00fctze auf beiden Seiten getragen werden und schafft eine gekonnte Abwechslung &#8211; Innenseite ist nat\u00fcrlich frei w\u00e4hlbar.<\/p>\n<div dir=\"auto\">\n<p>Alle St\u00fccke werden von uns in Nieder\u00f6sterreich pers\u00f6nlich und ganz individuell f\u00fcr euch in absoluter Kleinstauflage gen\u00e4ht.\u00a0Wir verarbeiten alle Materialien nach der \u201e<em>Zero Waste Manufacturing\u201c Technik<\/em>. Bei dieser Methode geht es darum, so effizient wie m\u00f6glich die Materialien zu zu schneiden und verarbeiten, um nur minimalen bis gar keinen Abfall dabei zu erzeugen.<\/p>\n<\/div>\n<p><em>Gut kombinierbar ist dieses Unikat mit unseren Loops, Hauben und vielem mehr.<\/em><br \/>\n<em>Oder als Partnerlook mit Papa und|oder Mama.<\/em><\/p>\n<hr \/>\n<p>&nbsp;<\/p>\n<p style=\"text-align: center;\">warme Wendem\u00fctze zum binden<br \/>\nModisches Bekleidungsst\u00fcck, beidseitig tragbar<br \/>\nDurch besonders weiche Baumwolljersey \u00a0&#8211; sitzt gut und kratzt nicht<\/p>\n<p style=\"text-align: center;\">Baumwollmischung (95% CO | 5% Elastan | 270g\/m2)<\/p>\n<div dir=\"auto\"><\/div>\n<hr \/>\n<p style=\"text-align: center;\"><span style=\"color: #808080;\">Waschempfehlung:\u00a0\u00a030\u00b0C Feinw\u00e4sche | nicht trocknen | nicht bleichen |b\u00fcgeln Stufe 1<br \/>\n<\/span><span style=\"color: #808080;\">R\u00fccknahme:\u00a0Dies ist ein individuell angefertigter Artikel, eine R\u00fcckgabe ist leider nicht m\u00f6glich!<\/span><\/p>\n","protected":false},"excerpt":{"rendered":"<p>Hose &#8222;Balu&#8220;<br \/>\n95% CO | 5% Elastan<br \/>\nlimitierte St\u00fcckzahl<\/p>\n","protected":false},"featured_media":3277,"comment_status":"closed","ping_status":"closed","template":"","meta":[],"product_cat":[138],"product_tag":[],"_links":{"self":[{"href":"https:\/\/www.miss-amber.at\/de\/wp-json\/wp\/v2\/product\/3276"}],"collection":[{"href":"https:\/\/www.miss-amber.at\/de\/wp-json\/wp\/v2\/product"}],"about":[{"href":"https:\/\/www.miss-amber.at\/de\/wp-json\/wp\/v2\/types\/product"}],"replies":[{"embeddable":true,"href":"https:\/\/www.miss-amber.at\/de\/wp-json\/wp\/v2\/comments?post=3276"}],"wp:featuredmedia":[{"embeddable":true,"href":"https:\/\/www.miss-amber.at\/de\/wp-json\/wp\/v2\/media\/3277"}],"wp:attachment":[{"href":"https:\/\/www.miss-amber.at\/de\/wp-json\/wp\/v2\/media?parent=3276"}],"wp:term":[{"taxonomy":"product_cat","embeddable":true,"href":"https:\/\/www.miss-amber.at\/de\/wp-json\/wp\/v2\/product_cat?post=3276"},{"taxonomy":"product_tag","embeddable":true,"href":"https:\/\/www.miss-amber.at\/de\/wp-json\/wp\/v2\/product_tag?post=3276"}],"curies":[{"name":"wp","href":"https:\/\/api.w.org\/{rel}","templated":true}]}}