{"id":566,"date":"2019-04-07T01:00:18","date_gmt":"2019-04-06T23:00:18","guid":{"rendered":"https:\/\/www.miss-amber.at\/de\/?post_type=product&#038;p=566"},"modified":"2024-02-04T17:58:54","modified_gmt":"2024-02-04T16:58:54","slug":"tom","status":"publish","type":"product","link":"https:\/\/www.miss-amber.at\/de\/produkt\/tom\/","title":{"rendered":"Tom"},"content":{"rendered":"<p>Das Allround-Talent der MISS AMBER-Familie!<br \/>\nKommt als Schl\u00fcsselanh\u00e4nger, als Pfeifenband und ist stabil genug, um f\u00fcr gut leinenf\u00fchrige mittelgro\u00dfe bis gro\u00dfe Hunde auch als Kurzf\u00fchrer eingesetzt zu werden.<\/p>\n<p>Im Partnerlook mit Leine und Halsband der geliebten Fellnase m\u00f6glich!<\/p>\n<p>Tolle nachhaltige Geschenksidee f\u00fcr jeden Anlass!<\/p>\n","protected":false},"excerpt":{"rendered":"<p>Das Allround-Talent der MISS AMBER-Familie! Kommt als Schl\u00fcsselanh\u00e4nger, als Pfeifenband [&hellip;]<\/p>\n","protected":false},"featured_media":567,"comment_status":"closed","ping_status":"closed","template":"","meta":[],"product_cat":[51,48],"product_tag":[],"_links":{"self":[{"href":"https:\/\/www.miss-amber.at\/de\/wp-json\/wp\/v2\/product\/566"}],"collection":[{"href":"https:\/\/www.miss-amber.at\/de\/wp-json\/wp\/v2\/product"}],"about":[{"href":"https:\/\/www.miss-amber.at\/de\/wp-json\/wp\/v2\/types\/product"}],"replies":[{"embeddable":true,"href":"https:\/\/www.miss-amber.at\/de\/wp-json\/wp\/v2\/comments?post=566"}],"wp:featuredmedia":[{"embeddable":true,"href":"https:\/\/www.miss-amber.at\/de\/wp-json\/wp\/v2\/media\/567"}],"wp:attachment":[{"href":"https:\/\/www.miss-amber.at\/de\/wp-json\/wp\/v2\/media?parent=566"}],"wp:term":[{"taxonomy":"product_cat","embeddable":true,"href":"https:\/\/www.miss-amber.at\/de\/wp-json\/wp\/v2\/product_cat?post=566"},{"taxonomy":"product_tag","embeddable":true,"href":"https:\/\/www.miss-amber.at\/de\/wp-json\/wp\/v2\/product_tag?post=566"}],"curies":[{"name":"wp","href":"https:\/\/api.w.org\/{rel}","templated":true}]}}