{"id":605,"date":"2019-04-07T11:41:11","date_gmt":"2019-04-07T09:41:11","guid":{"rendered":"https:\/\/www.miss-amber.at\/de\/?post_type=product&#038;p=605"},"modified":"2024-02-04T17:58:27","modified_gmt":"2024-02-04T16:58:27","slug":"girly","status":"publish","type":"product","link":"https:\/\/www.miss-amber.at\/de\/produkt\/girly\/","title":{"rendered":"Girly"},"content":{"rendered":"<p>Die F\u00fchrleine Girly ist eine auffallend sch\u00f6ne Leine f\u00fcr jeden Tag. Sie wird dich mit ihren starken Farben und der MISS AMBER-typischen sorgf\u00e4ltigen Verarbeitung begeistern.<\/p>\n<p>Wir verarbeiten das hochwertige Kletterseil mit viel Liebe zum Detail zu dieser ebenso sch\u00f6nen wie praktischen F\u00fchrleine. Wie immer hat das Wohlergehen deine Hundes dabei die oberste Priorit\u00e4t, so ist der Karabiner besonders sorgf\u00e4ltig an der F\u00fchrleine befestigt.<\/p>\n<p>Die\u00a0 Halsb\u00e4nder der Serie Girly sind perfekte Kombinationspartner f\u00fcr die F\u00fchrleine.<\/p>\n","protected":false},"excerpt":{"rendered":"<p>feste F\u00fchrleine<br \/>\nL\u00e4nge 120 cm<br \/>\n9 mm Premiumseil \u201eFlash Pink\u201c<br \/>\nTakelung: Dunkelblau\/Pink<\/p>\n<p>f\u00fcr Hunde bis 30 kg<\/p>\n","protected":false},"featured_media":606,"comment_status":"closed","ping_status":"closed","template":"","meta":[],"product_cat":[39],"product_tag":[],"_links":{"self":[{"href":"https:\/\/www.miss-amber.at\/de\/wp-json\/wp\/v2\/product\/605"}],"collection":[{"href":"https:\/\/www.miss-amber.at\/de\/wp-json\/wp\/v2\/product"}],"about":[{"href":"https:\/\/www.miss-amber.at\/de\/wp-json\/wp\/v2\/types\/product"}],"replies":[{"embeddable":true,"href":"https:\/\/www.miss-amber.at\/de\/wp-json\/wp\/v2\/comments?post=605"}],"wp:featuredmedia":[{"embeddable":true,"href":"https:\/\/www.miss-amber.at\/de\/wp-json\/wp\/v2\/media\/606"}],"wp:attachment":[{"href":"https:\/\/www.miss-amber.at\/de\/wp-json\/wp\/v2\/media?parent=605"}],"wp:term":[{"taxonomy":"product_cat","embeddable":true,"href":"https:\/\/www.miss-amber.at\/de\/wp-json\/wp\/v2\/product_cat?post=605"},{"taxonomy":"product_tag","embeddable":true,"href":"https:\/\/www.miss-amber.at\/de\/wp-json\/wp\/v2\/product_tag?post=605"}],"curies":[{"name":"wp","href":"https:\/\/api.w.org\/{rel}","templated":true}]}}