{"id":623,"date":"2019-04-07T12:37:41","date_gmt":"2019-04-07T10:37:41","guid":{"rendered":"https:\/\/www.miss-amber.at\/de\/?post_type=product&#038;p=623"},"modified":"2024-02-04T17:58:27","modified_gmt":"2024-02-04T16:58:27","slug":"sirius","status":"publish","type":"product","link":"https:\/\/www.miss-amber.at\/de\/produkt\/sirius\/","title":{"rendered":"Sirius meet Leder"},"content":{"rendered":"<p>Koppelleine f\u00fcr ein entspanntes Ausf\u00fchren von ein oder zwei Hunden an nur einer \u00a0Leine. Ein umst\u00e4ndliches Festhalten von zwei separaten Leinen\u00a0 ist damit nicht mehr n\u00f6tig.<\/p>\n<p>Diese Schulterleine ist 2-fach verstellbar und l\u00e4sst sich ganz schnell und einfach in eine Koppelleine f\u00fcr zwei Hunde umwandeln. Dazu muss nur ein zweites Koppelst\u00fcck mittels Karabiner befestigt werden. Die zwei 50 cm langen Endst\u00fccke sind aus weichem Fettleder und\u00a0 k\u00f6nnen am Geschirr oder an der Halsung deiner Hunde befestigen werden.<\/p>\n<p>Die Ringe sind mittels verstellbaren Knoten in nur wenigen Handgriffen ganz unkompliziert auf die gew\u00fcnschte Stelle verschiebbar, was ein schnelles Umh\u00e4ngen der Leine erm\u00f6glicht.<\/p>\n<p>Die\u00a0 Halsb\u00e4nder der Serie \u201eSirius\u201c und \u201eDamon\u201c sind perfekte Kombinationspartner f\u00fcr die Koppelleine.<\/p>\n","protected":false},"excerpt":{"rendered":"<p>L\u00e4nge: 200 cm<br \/>\n10 mm Premiumseil \u201eCamo\u201c<br \/>\nLeder Olive<br \/>\nTakelung: Olive\/Beige\/Schwarz<br \/>\nextra Koppelst\u00fcck\u00a0f\u00fcr zwei Hunde<\/p>\n<p>f\u00fcr Hunde bis 30 kg<\/p>\n","protected":false},"featured_media":624,"comment_status":"closed","ping_status":"closed","template":"","meta":[],"product_cat":[41],"product_tag":[],"_links":{"self":[{"href":"https:\/\/www.miss-amber.at\/de\/wp-json\/wp\/v2\/product\/623"}],"collection":[{"href":"https:\/\/www.miss-amber.at\/de\/wp-json\/wp\/v2\/product"}],"about":[{"href":"https:\/\/www.miss-amber.at\/de\/wp-json\/wp\/v2\/types\/product"}],"replies":[{"embeddable":true,"href":"https:\/\/www.miss-amber.at\/de\/wp-json\/wp\/v2\/comments?post=623"}],"wp:featuredmedia":[{"embeddable":true,"href":"https:\/\/www.miss-amber.at\/de\/wp-json\/wp\/v2\/media\/624"}],"wp:attachment":[{"href":"https:\/\/www.miss-amber.at\/de\/wp-json\/wp\/v2\/media?parent=623"}],"wp:term":[{"taxonomy":"product_cat","embeddable":true,"href":"https:\/\/www.miss-amber.at\/de\/wp-json\/wp\/v2\/product_cat?post=623"},{"taxonomy":"product_tag","embeddable":true,"href":"https:\/\/www.miss-amber.at\/de\/wp-json\/wp\/v2\/product_tag?post=623"}],"curies":[{"name":"wp","href":"https:\/\/api.w.org\/{rel}","templated":true}]}}