{"id":625,"date":"2019-04-07T12:47:39","date_gmt":"2019-04-07T10:47:39","guid":{"rendered":"https:\/\/www.miss-amber.at\/de\/?post_type=product&#038;p=625"},"modified":"2024-02-04T17:58:27","modified_gmt":"2024-02-04T16:58:27","slug":"lines","status":"publish","type":"product","link":"https:\/\/www.miss-amber.at\/de\/produkt\/lines\/","title":{"rendered":"Lines"},"content":{"rendered":"<p>Diese F\u00fchrleine aus unserem Leder-Programm ist besonders hochwertig, robust und ein schlichter Klassiker mit zahlreichen Vorz\u00fcgen. Sehr gute Verarbeitung trifft hier auf hochwertigstes Fettleder. Die Hundeleine liegt besonders gut in der Hand, das weiche Material tr\u00e4gt zu einem angenehmen Tragekomfort bei. Je nachdem ob du deinem Hund mehr oder weniger Auslauf gew\u00e4hren m\u00f6chtest, ist die Leine in der L\u00e4nge verstellbar. Robuste Metallbeschl\u00e4ge in moderner Optik runden das Gesamtbild stilvoll ab.<\/p>\n<p>Die ideale Erg\u00e4nzung ist eine Halsung aus Fettleder oder aus Premiumseil mit Lederumspielung.<\/p>\n","protected":false},"excerpt":{"rendered":"<p>Schulterleine\u00a03-fach verstellbar<br \/>\n15 mm Fettleder \u201eDunkelblau\u201c<br \/>\nTakelung: T\u00fcrkis\/Blau<\/p>\n<p>f\u00fcr Hunde bis 30 kg<\/p>\n","protected":false},"featured_media":626,"comment_status":"closed","ping_status":"closed","template":"","meta":[],"product_cat":[39],"product_tag":[],"_links":{"self":[{"href":"https:\/\/www.miss-amber.at\/de\/wp-json\/wp\/v2\/product\/625"}],"collection":[{"href":"https:\/\/www.miss-amber.at\/de\/wp-json\/wp\/v2\/product"}],"about":[{"href":"https:\/\/www.miss-amber.at\/de\/wp-json\/wp\/v2\/types\/product"}],"replies":[{"embeddable":true,"href":"https:\/\/www.miss-amber.at\/de\/wp-json\/wp\/v2\/comments?post=625"}],"wp:featuredmedia":[{"embeddable":true,"href":"https:\/\/www.miss-amber.at\/de\/wp-json\/wp\/v2\/media\/626"}],"wp:attachment":[{"href":"https:\/\/www.miss-amber.at\/de\/wp-json\/wp\/v2\/media?parent=625"}],"wp:term":[{"taxonomy":"product_cat","embeddable":true,"href":"https:\/\/www.miss-amber.at\/de\/wp-json\/wp\/v2\/product_cat?post=625"},{"taxonomy":"product_tag","embeddable":true,"href":"https:\/\/www.miss-amber.at\/de\/wp-json\/wp\/v2\/product_tag?post=625"}],"curies":[{"name":"wp","href":"https:\/\/api.w.org\/{rel}","templated":true}]}}