{"id":659,"date":"2019-04-08T14:28:33","date_gmt":"2019-04-08T12:28:33","guid":{"rendered":"https:\/\/www.miss-amber.at\/de\/?post_type=product&#038;p=659"},"modified":"2024-02-04T17:58:27","modified_gmt":"2024-02-04T16:58:27","slug":"kinderwagentau","status":"publish","type":"product","link":"https:\/\/www.miss-amber.at\/de\/produkt\/kinderwagentau\/","title":{"rendered":"Kinderwagentau"},"content":{"rendered":"<p>Unsere Taue f\u00fcr den Kinderwagen eignen sich hervorragend, um am Kinderwagen eine Wickeltasche, Handtasche oder Einkaufstasche sicher zu befestigen. Entweder an \u00d6sen der Tasche einhaken oder aber das Tau schnell um den Schiebeb\u00fcgel herumgelegt, die Henkel der Handtasche hineingelegt und den Karabiner am Ring eingehakt.<\/p>\n<p>Stabil genug um auch als K\u00fcrzf\u00fchrer f\u00fcr gut leinenf\u00fchrige mittelgro\u00dfe bis gro\u00dfe Hunde eingesetzt zu werden.<\/p>\n","protected":false},"excerpt":{"rendered":"<p>2 Taschenhalterungen<br \/>\nL\u00e4nge 20 cm<br \/>\n8 mm Tau Grau<br \/>\nTakelung: Blau<\/p>\n","protected":false},"featured_media":660,"comment_status":"closed","ping_status":"closed","template":"","meta":[],"product_cat":[54],"product_tag":[],"_links":{"self":[{"href":"https:\/\/www.miss-amber.at\/de\/wp-json\/wp\/v2\/product\/659"}],"collection":[{"href":"https:\/\/www.miss-amber.at\/de\/wp-json\/wp\/v2\/product"}],"about":[{"href":"https:\/\/www.miss-amber.at\/de\/wp-json\/wp\/v2\/types\/product"}],"replies":[{"embeddable":true,"href":"https:\/\/www.miss-amber.at\/de\/wp-json\/wp\/v2\/comments?post=659"}],"wp:featuredmedia":[{"embeddable":true,"href":"https:\/\/www.miss-amber.at\/de\/wp-json\/wp\/v2\/media\/660"}],"wp:attachment":[{"href":"https:\/\/www.miss-amber.at\/de\/wp-json\/wp\/v2\/media?parent=659"}],"wp:term":[{"taxonomy":"product_cat","embeddable":true,"href":"https:\/\/www.miss-amber.at\/de\/wp-json\/wp\/v2\/product_cat?post=659"},{"taxonomy":"product_tag","embeddable":true,"href":"https:\/\/www.miss-amber.at\/de\/wp-json\/wp\/v2\/product_tag?post=659"}],"curies":[{"name":"wp","href":"https:\/\/api.w.org\/{rel}","templated":true}]}}