{"id":898,"date":"2019-04-10T19:32:18","date_gmt":"2019-04-10T17:32:18","guid":{"rendered":"https:\/\/www.miss-amber.at\/de\/?post_type=product&#038;p=898"},"modified":"2024-02-04T17:57:27","modified_gmt":"2024-02-04T16:57:27","slug":"em-big-neongruen","status":"publish","type":"product","link":"https:\/\/www.miss-amber.at\/de\/produkt\/em-big-neongruen\/","title":{"rendered":"EM BIG Neongr\u00fcn"},"content":{"rendered":"<p><strong>Was ist EM-Keramik?<br \/>\n<\/strong>EM-Keramik besteht aus Ton, in den Effektive Mikroorganismen (EM) unter Luftabschluss eingebrannt werden. Die Effektiven Mikroorganismen k\u00f6nnen sich dadurch nicht mehr verfl\u00fcchtigen.<\/p>\n<p>In das EM-Keramik-Band sind je nach Gr\u00f6\u00dfe zwischen 6 und 20 EMs eingearbeitet.<\/p>\n<p><strong>Wirkungsweise:<br \/>\n<\/strong>Das ausgleichende Milieu sowie die Resonanzschwingung von EM-Keramik sind f\u00fcr die Zecken, Fl\u00f6he und andere Parasiten sehr unangenehm, weshalb sie sich dadurch seltener festbei\u00dfen. Mit EM-Keramik setzt du auf ein reines Naturprodukt ohne Nebenwirkungen, ein hundertprozentiger Zeckenschutz kann aber auch durch den Einsatz von EM-Keramik nicht garantiert werden. Allerdings beeinflussen Effektive Mikroorganismen die Gesundheit deines Tiers durch die Regenerationswirkung positiv.<\/p>\n<p>Unsere EM-Keramik-Zeckenb\u00e4nder werden in sorgf\u00e4ltiger Handarbeit aus hochwertigem Paracord Type S und Original EM-Keramik gefertigt. Der robuste Verschluss erlaubt auch ein wildes Toben deines Hundes. Das EM-Keramik Zeckenhalsband wird aufgrund der regenerativ positiven Wirkung das ganze Jahr, zus\u00e4tzlich zum Haupthalsband, getragen. Bitte beachte aber, dass tiefe Au\u00dfentemperaturen dazu f\u00fchren k\u00f6nnen, dass die EM-Keramiksteine br\u00fcchiger werden und sich abl\u00f6sen k\u00f6nnen.<\/p>\n<p><strong>Pflegeanleitung EM-Keramik:<\/strong><br \/>\nDie t\u00e4gliche Talgabsonderung deines Hundes verstopfen die Poren der Keramik. Daher ist es wichtig, das Halsband regelm\u00e4\u00dfig alle 1-2 Wochen unter flie\u00dfendem Warmwasser zu reinigen. Die Trockung und das \u201eAufladen\u201c der Keramik erfolgt unter direkter Sonneneinstrahlung oder einer Infrarotlampe.<\/p>\n<p>&nbsp;<\/p>\n<p>&nbsp;<\/p>\n","protected":false},"excerpt":{"rendered":"<p>Breite 17 mm<br \/>\nVerschluss: Kordelstopper<\/p>\n","protected":false},"featured_media":897,"comment_status":"closed","ping_status":"closed","template":"","meta":[],"product_cat":[49,15],"product_tag":[],"_links":{"self":[{"href":"https:\/\/www.miss-amber.at\/de\/wp-json\/wp\/v2\/product\/898"}],"collection":[{"href":"https:\/\/www.miss-amber.at\/de\/wp-json\/wp\/v2\/product"}],"about":[{"href":"https:\/\/www.miss-amber.at\/de\/wp-json\/wp\/v2\/types\/product"}],"replies":[{"embeddable":true,"href":"https:\/\/www.miss-amber.at\/de\/wp-json\/wp\/v2\/comments?post=898"}],"wp:featuredmedia":[{"embeddable":true,"href":"https:\/\/www.miss-amber.at\/de\/wp-json\/wp\/v2\/media\/897"}],"wp:attachment":[{"href":"https:\/\/www.miss-amber.at\/de\/wp-json\/wp\/v2\/media?parent=898"}],"wp:term":[{"taxonomy":"product_cat","embeddable":true,"href":"https:\/\/www.miss-amber.at\/de\/wp-json\/wp\/v2\/product_cat?post=898"},{"taxonomy":"product_tag","embeddable":true,"href":"https:\/\/www.miss-amber.at\/de\/wp-json\/wp\/v2\/product_tag?post=898"}],"curies":[{"name":"wp","href":"https:\/\/api.w.org\/{rel}","templated":true}]}}