{"id":947,"date":"2019-04-10T22:02:58","date_gmt":"2019-04-10T20:02:58","guid":{"rendered":"https:\/\/www.miss-amber.at\/de\/?post_type=product&#038;p=947"},"modified":"2024-02-04T17:57:26","modified_gmt":"2024-02-04T16:57:26","slug":"sorty","status":"publish","type":"product","link":"https:\/\/www.miss-amber.at\/de\/produkt\/sorty\/","title":{"rendered":"Sorty"},"content":{"rendered":"<p>Im Partnerlook mit der geliebten Fellnase? Aber klar doch!<\/p>\n<p>Der farbenfrohe Schl\u00fcsselanh\u00e4nger macht die Schl\u00fcsselsuche um einiges einfacher. In Handarbeit passend zu Halsband und Leine gefertigt.<\/p>\n<p>Auch eine tolle und nachhaltige Geschenksidee f\u00fcr jeden Anlass!<\/p>\n","protected":false},"excerpt":{"rendered":"<p>L\u00e4nge 12 cm<br \/>\n10 mm Tau Grau<br \/>\nTakelung: Pink<br \/>\nSchl\u00fcsselring Herz<\/p>\n","protected":false},"featured_media":948,"comment_status":"closed","ping_status":"closed","template":"","meta":[],"product_cat":[48],"product_tag":[],"_links":{"self":[{"href":"https:\/\/www.miss-amber.at\/de\/wp-json\/wp\/v2\/product\/947"}],"collection":[{"href":"https:\/\/www.miss-amber.at\/de\/wp-json\/wp\/v2\/product"}],"about":[{"href":"https:\/\/www.miss-amber.at\/de\/wp-json\/wp\/v2\/types\/product"}],"replies":[{"embeddable":true,"href":"https:\/\/www.miss-amber.at\/de\/wp-json\/wp\/v2\/comments?post=947"}],"wp:featuredmedia":[{"embeddable":true,"href":"https:\/\/www.miss-amber.at\/de\/wp-json\/wp\/v2\/media\/948"}],"wp:attachment":[{"href":"https:\/\/www.miss-amber.at\/de\/wp-json\/wp\/v2\/media?parent=947"}],"wp:term":[{"taxonomy":"product_cat","embeddable":true,"href":"https:\/\/www.miss-amber.at\/de\/wp-json\/wp\/v2\/product_cat?post=947"},{"taxonomy":"product_tag","embeddable":true,"href":"https:\/\/www.miss-amber.at\/de\/wp-json\/wp\/v2\/product_tag?post=947"}],"curies":[{"name":"wp","href":"https:\/\/api.w.org\/{rel}","templated":true}]}}