{"id":955,"date":"2019-04-10T22:14:35","date_gmt":"2019-04-10T20:14:35","guid":{"rendered":"https:\/\/www.miss-amber.at\/de\/?post_type=product&#038;p=955"},"modified":"2024-02-04T17:56:53","modified_gmt":"2024-02-04T16:56:53","slug":"schima","status":"publish","type":"product","link":"https:\/\/www.miss-amber.at\/de\/produkt\/schima\/","title":{"rendered":"Schima"},"content":{"rendered":"<p>Im Partnerlook mit der geliebten Fellnase? Aber klar doch!<\/p>\n<p>Der farbenfrohe Schl\u00fcsselanh\u00e4nger macht die Schl\u00fcsselsuche um einiges einfacher. In Handarbeit passend zu Halsband und Leine gefertigt.<\/p>\n<p>Auch eine tolle und nachhaltige Geschenksidee f\u00fcr jeden Anlass!<\/p>\n","protected":false},"excerpt":{"rendered":"<p>L\u00e4nge 12 cm<br \/>\n10 mm Tau Braun<br \/>\nTakelung: Beige<br \/>\nSchl\u00fcsselring Stern<\/p>\n","protected":false},"featured_media":952,"comment_status":"closed","ping_status":"closed","template":"","meta":[],"product_cat":[48],"product_tag":[],"_links":{"self":[{"href":"https:\/\/www.miss-amber.at\/de\/wp-json\/wp\/v2\/product\/955"}],"collection":[{"href":"https:\/\/www.miss-amber.at\/de\/wp-json\/wp\/v2\/product"}],"about":[{"href":"https:\/\/www.miss-amber.at\/de\/wp-json\/wp\/v2\/types\/product"}],"replies":[{"embeddable":true,"href":"https:\/\/www.miss-amber.at\/de\/wp-json\/wp\/v2\/comments?post=955"}],"wp:featuredmedia":[{"embeddable":true,"href":"https:\/\/www.miss-amber.at\/de\/wp-json\/wp\/v2\/media\/952"}],"wp:attachment":[{"href":"https:\/\/www.miss-amber.at\/de\/wp-json\/wp\/v2\/media?parent=955"}],"wp:term":[{"taxonomy":"product_cat","embeddable":true,"href":"https:\/\/www.miss-amber.at\/de\/wp-json\/wp\/v2\/product_cat?post=955"},{"taxonomy":"product_tag","embeddable":true,"href":"https:\/\/www.miss-amber.at\/de\/wp-json\/wp\/v2\/product_tag?post=955"}],"curies":[{"name":"wp","href":"https:\/\/api.w.org\/{rel}","templated":true}]}}